{"id":49,"date":"2021-03-26T14:16:27","date_gmt":"2021-03-26T17:16:27","guid":{"rendered":"http:\/\/tecnerg-eng.com.br\/?page_id=49"},"modified":"2021-03-26T14:47:19","modified_gmt":"2021-03-26T17:47:19","slug":"sobre-nos","status":"publish","type":"page","link":"http:\/\/tecnerg-eng.com.br\/?page_id=49","title":{"rendered":"Sobre N\u00f3s"},"content":{"rendered":"\n<p>     Empresa brasileira constitu\u00edda em <strong>1989,<\/strong> a TECNERG oferece aos seus clientes Solu\u00e7\u00f5es para Execu\u00e7\u00e3o de <strong>Instala\u00e7\u00f5es El\u00e9tricas, Hidr\u00e1ulicas, Combate a Inc\u00eandio, Sistemas Especiais, Manuten\u00e7\u00f5es e Engenharia Consultiva visando Solu\u00e7\u00f5es T\u00e9cnicas<\/strong> <strong>e Comerciais<\/strong> para setores fundamentais da economia e da sociedade brasileira, dentre os quais destacamos, Centros Log\u00edsticos, Shopping Centers, Edif\u00edcios Comerciais e Plantas Industriais, incluindo Processos Industriais.<\/p>\n\n\n\n<p>     A TECNERG credita o seu sucesso a uma equipe de profissionais comprometidos, qualificados e com capacidade de combinar suas compet\u00eancias com as de parceiros espec\u00edficos, visando o objetivo de atender aos requisitos de seus clientes.<\/p>\n\n\n\n<p class=\"has-text-align-left\">     O CONHECIMENTO \u00e9 o principal pilar da TECNERG que visa buscar pela melhoria cont\u00ednua dos processos no alicerce dos seus trabalhos, aplicando t\u00e9cnicas, respeitando as normas, desenvolvendo metodologias eficientes, sempre focando metas e padr\u00f5es com qualidade, percebemos que conduzindo nossos esfor\u00e7os nessa linha de gest\u00e3o conseguimos conquistar um ciclo de vida sustent\u00e1vel e ampliar a nossa contribui\u00e7\u00e3o a nossos CLIENTES.<\/p>\n","protected":false},"excerpt":{"rendered":"<p>Empresa brasileira constitu\u00edda em 1989, a TECNERG oferece aos seus clientes Solu\u00e7\u00f5es para Execu\u00e7\u00e3o de Instala\u00e7\u00f5es El\u00e9tricas, Hidr\u00e1ulicas, Combate a Inc\u00eandio, Sistemas Especiais, Manuten\u00e7\u00f5es e Engenharia Consultiva visando Solu\u00e7\u00f5es T\u00e9cnicas e Comerciais para setores fundamentais da economia e da sociedade brasileira, dentre os quais destacamos, Centros Log\u00edsticos, Shopping Centers, Edif\u00edcios Comerciais e Plantas Industriais, incluindo &hellip; <\/p>\n<p class=\"link-more\"><a href=\"http:\/\/tecnerg-eng.com.br\/?page_id=49\" class=\"more-link\">Continue lendo<span class=\"screen-reader-text\"> &#8220;Sobre N\u00f3s&#8221;<\/span><\/a><\/p>\n","protected":false},"author":1,"featured_media":0,"parent":0,"menu_order":0,"comment_status":"closed","ping_status":"closed","template":"","meta":{"footnotes":""},"class_list":["post-49","page","type-page","status-publish","hentry","entry"],"_links":{"self":[{"href":"http:\/\/tecnerg-eng.com.br\/index.php?rest_route=\/wp\/v2\/pages\/49","targetHints":{"allow":["GET"]}}],"collection":[{"href":"http:\/\/tecnerg-eng.com.br\/index.php?rest_route=\/wp\/v2\/pages"}],"about":[{"href":"http:\/\/tecnerg-eng.com.br\/index.php?rest_route=\/wp\/v2\/types\/page"}],"author":[{"embeddable":true,"href":"http:\/\/tecnerg-eng.com.br\/index.php?rest_route=\/wp\/v2\/users\/1"}],"replies":[{"embeddable":true,"href":"http:\/\/tecnerg-eng.com.br\/index.php?rest_route=%2Fwp%2Fv2%2Fcomments&post=49"}],"version-history":[{"count":3,"href":"http:\/\/tecnerg-eng.com.br\/index.php?rest_route=\/wp\/v2\/pages\/49\/revisions"}],"predecessor-version":[{"id":87,"href":"http:\/\/tecnerg-eng.com.br\/index.php?rest_route=\/wp\/v2\/pages\/49\/revisions\/87"}],"wp:attachment":[{"href":"http:\/\/tecnerg-eng.com.br\/index.php?rest_route=%2Fwp%2Fv2%2Fmedia&parent=49"}],"curies":[{"name":"wp","href":"https:\/\/api.w.org\/{rel}","templated":true}]}}